{"id":3993,"date":"2017-09-09T08:58:54","date_gmt":"2017-09-09T07:58:54","guid":{"rendered":"https:\/\/www.nuage-web.fr\/wp\/enquete-de-satisfaction-formation-dolibarr-copy\/"},"modified":"2026-04-11T20:48:28","modified_gmt":"2026-04-11T20:48:28","slug":"autoevaluation-de-vos-connaissances-post-formation-prise-en-main-du-logiciel-dolibarr","status":"publish","type":"page","link":"https:\/\/www.nuage-web.fr\/wp\/autoevaluation-de-vos-connaissances-post-formation-prise-en-main-du-logiciel-dolibarr\/","title":{"rendered":"\u00ab\u00a0Auto\u00e9valuation de vos connaissances post formation &#8211; Prise en main du logiciel Dolibarr\u00a0\u00bb"},"content":{"rendered":"<table style=\"height: 182px;\" width=\"871\">\n<tbody>\n<tr>\n<td style=\"width: 205.567px; text-align: center; vertical-align: middle;\">\n<h2><img loading=\"lazy\" decoding=\"async\" class=\"size-full wp-image-3583 aligncenter\" src=\"https:\/\/www.nuage-web.fr\/wp\/wp-content\/uploads\/logo_petit.png\" alt=\"\" width=\"95\" height=\"64\" \/><\/h2>\n<\/td>\n<td style=\"width: 457.883px; text-align: center; vertical-align: middle;\">\n<h2>Prise en main du logiciel Dolibarr<\/h2>\n<h2>Module 1.00<\/h2>\n<\/td>\n<td style=\"width: 185.55px; text-align: center; vertical-align: middle;\"><div class=\"printfriendly pf-button  pf-alignleft\">\n                    <a href=\"https:\/\/www.nuage-web.fr\/wp\/autoevaluation-de-vos-connaissances-post-formation-prise-en-main-du-logiciel-dolibarr\/?pfstyle=wp\" rel=\"nofollow\" onclick=\"\" title=\"Printer Friendly, PDF & Email\">\n                    <img decoding=\"async\" class=\"pf-button-img\" src=\"https:\/\/cdn.printfriendly.com\/buttons\/printfriendly-pdf-email-button-notext.png\" alt=\"Print Friendly, PDF & Email\" style=\"width: 110px;height: 30px;\"  \/>\n                    <\/a>\n                <\/div><\/td>\n<\/tr>\n<tr>\n<td colspan=\"3\">\n<p style=\"text-align: center;\">Centre de formation Nuage-Web &#8211; Le Flor\u00e9al A 16 Bd M. Hochet 13127 Vitrolles &#8211; 04.13.05.43.66<br \/>\nActivit\u00e9 enregistr\u00e9e sous le num\u00e9ro : 93.13.15683.13 aupr\u00e8s du Pr\u00e9fet de la r\u00e9gion Provence-Alpes-C\u00f4te d\u2019Azur<\/p>\n<\/td>\n<\/tr>\n<\/tbody>\n<\/table>\n[wpforms id=\u00a0\u00bb3997&Prime; title=\u00a0\u00bbtrue\u00a0\u00bb description=\u00a0\u00bbtrue\u00a0\u00bb]\n","protected":false},"excerpt":{"rendered":"<p>Prise en main du logiciel Dolibarr Module 1.00 Centre de formation Nuage-Web &#8211; Le Flor\u00e9al A 16 Bd M. Hochet 13127 Vitrolles &#8211; 04.13.05.43.66 Activit\u00e9 enregistr\u00e9e sous le num\u00e9ro : [&hellip;]<\/p>\n","protected":false},"author":1,"featured_media":0,"parent":0,"menu_order":0,"comment_status":"closed","ping_status":"closed","template":"","meta":{"footnotes":""},"class_list":["post-3993","page","type-page","status-publish","hentry"],"yoast_head":"<!-- This site is optimized with the Yoast SEO plugin v27.6 - https:\/\/yoast.com\/product\/yoast-seo-wordpress\/ -->\n<title>&quot;Auto\u00e9valuation de vos connaissances post formation - Prise en main du logiciel Dolibarr&quot; - Dolibarr DoliPlus<\/title>\n<meta name=\"robots\" content=\"noindex, nofollow\" \/>\n<meta property=\"og:locale\" content=\"fr_FR\" \/>\n<meta property=\"og:type\" content=\"article\" \/>\n<meta property=\"og:title\" content=\"&quot;Auto\u00e9valuation de vos connaissances post formation - Prise en main du logiciel Dolibarr&quot; - Dolibarr DoliPlus\" \/>\n<meta property=\"og:description\" content=\"Prise en main du logiciel Dolibarr Module 1.00 Centre de formation Nuage-Web &#8211; Le Flor\u00e9al A 16 Bd M. Hochet 13127 Vitrolles &#8211; 04.13.05.43.66 Activit\u00e9 enregistr\u00e9e sous le num\u00e9ro : [&hellip;]\" \/>\n<meta property=\"og:url\" content=\"https:\/\/www.nuage-web.fr\/wp\/autoevaluation-de-vos-connaissances-post-formation-prise-en-main-du-logiciel-dolibarr\/\" \/>\n<meta property=\"og:site_name\" content=\"Dolibarr DoliPlus\" \/>\n<meta property=\"article:publisher\" content=\"https:\/\/www.facebook.com\/nuage.web\" \/>\n<meta property=\"article:modified_time\" content=\"2026-04-11T20:48:28+00:00\" \/>\n<meta property=\"og:image\" content=\"https:\/\/www.nuage-web.fr\/wp\/wp-content\/uploads\/logo_petit.png\" \/>\n<meta name=\"twitter:card\" content=\"summary_large_image\" \/>\n<meta name=\"twitter:site\" content=\"@DolibarrDemo\" \/>\n<script type=\"application\/ld+json\" class=\"yoast-schema-graph\">{\"@context\":\"https:\\\/\\\/schema.org\",\"@graph\":[{\"@type\":\"WebPage\",\"@id\":\"https:\\\/\\\/www.nuage-web.fr\\\/wp\\\/autoevaluation-de-vos-connaissances-post-formation-prise-en-main-du-logiciel-dolibarr\\\/\",\"url\":\"https:\\\/\\\/www.nuage-web.fr\\\/wp\\\/autoevaluation-de-vos-connaissances-post-formation-prise-en-main-du-logiciel-dolibarr\\\/\",\"name\":\"\\\"Auto\u00e9valuation de vos connaissances post formation - Prise en main du logiciel Dolibarr\\\" - Dolibarr DoliPlus\",\"isPartOf\":{\"@id\":\"https:\\\/\\\/www.nuage-web.fr\\\/wp\\\/#website\"},\"primaryImageOfPage\":{\"@id\":\"https:\\\/\\\/www.nuage-web.fr\\\/wp\\\/autoevaluation-de-vos-connaissances-post-formation-prise-en-main-du-logiciel-dolibarr\\\/#primaryimage\"},\"image\":{\"@id\":\"https:\\\/\\\/www.nuage-web.fr\\\/wp\\\/autoevaluation-de-vos-connaissances-post-formation-prise-en-main-du-logiciel-dolibarr\\\/#primaryimage\"},\"thumbnailUrl\":\"http:\\\/\\\/www.nuage-web.fr\\\/wp\\\/wp-content\\\/uploads\\\/logo_petit.png\",\"datePublished\":\"2017-09-09T07:58:54+00:00\",\"dateModified\":\"2026-04-11T20:48:28+00:00\",\"breadcrumb\":{\"@id\":\"https:\\\/\\\/www.nuage-web.fr\\\/wp\\\/autoevaluation-de-vos-connaissances-post-formation-prise-en-main-du-logiciel-dolibarr\\\/#breadcrumb\"},\"inLanguage\":\"fr-FR\",\"potentialAction\":[{\"@type\":\"ReadAction\",\"target\":[\"https:\\\/\\\/www.nuage-web.fr\\\/wp\\\/autoevaluation-de-vos-connaissances-post-formation-prise-en-main-du-logiciel-dolibarr\\\/\"]}]},{\"@type\":\"ImageObject\",\"inLanguage\":\"fr-FR\",\"@id\":\"https:\\\/\\\/www.nuage-web.fr\\\/wp\\\/autoevaluation-de-vos-connaissances-post-formation-prise-en-main-du-logiciel-dolibarr\\\/#primaryimage\",\"url\":\"http:\\\/\\\/www.nuage-web.fr\\\/wp\\\/wp-content\\\/uploads\\\/logo_petit.png\",\"contentUrl\":\"http:\\\/\\\/www.nuage-web.fr\\\/wp\\\/wp-content\\\/uploads\\\/logo_petit.png\"},{\"@type\":\"BreadcrumbList\",\"@id\":\"https:\\\/\\\/www.nuage-web.fr\\\/wp\\\/autoevaluation-de-vos-connaissances-post-formation-prise-en-main-du-logiciel-dolibarr\\\/#breadcrumb\",\"itemListElement\":[{\"@type\":\"ListItem\",\"position\":1,\"name\":\"Accueil\",\"item\":\"https:\\\/\\\/www.nuage-web.fr\\\/wp\\\/\"},{\"@type\":\"ListItem\",\"position\":2,\"name\":\"Auto\u00e9valuation de vos connaissances post formation &#8211; Prise en main du logiciel Dolibarr\"}]},{\"@type\":\"WebSite\",\"@id\":\"https:\\\/\\\/www.nuage-web.fr\\\/wp\\\/#website\",\"url\":\"https:\\\/\\\/www.nuage-web.fr\\\/wp\\\/\",\"name\":\"Dolibarr DoliPlus\",\"description\":\"Erp Crm pour PME TPE France\",\"publisher\":{\"@id\":\"https:\\\/\\\/www.nuage-web.fr\\\/wp\\\/#organization\"},\"potentialAction\":[{\"@type\":\"SearchAction\",\"target\":{\"@type\":\"EntryPoint\",\"urlTemplate\":\"https:\\\/\\\/www.nuage-web.fr\\\/wp\\\/?s={search_term_string}\"},\"query-input\":{\"@type\":\"PropertyValueSpecification\",\"valueRequired\":true,\"valueName\":\"search_term_string\"}}],\"inLanguage\":\"fr-FR\"},{\"@type\":\"Organization\",\"@id\":\"https:\\\/\\\/www.nuage-web.fr\\\/wp\\\/#organization\",\"name\":\"Nuage-web\",\"url\":\"https:\\\/\\\/www.nuage-web.fr\\\/wp\\\/\",\"logo\":{\"@type\":\"ImageObject\",\"inLanguage\":\"fr-FR\",\"@id\":\"https:\\\/\\\/www.nuage-web.fr\\\/wp\\\/#\\\/schema\\\/logo\\\/image\\\/\",\"url\":\"https:\\\/\\\/www.nuage-web.fr\\\/wp\\\/wp-content\\\/uploads\\\/2015\\\/12\\\/cropped-logo_grand.png\",\"contentUrl\":\"https:\\\/\\\/www.nuage-web.fr\\\/wp\\\/wp-content\\\/uploads\\\/2015\\\/12\\\/cropped-logo_grand.png\",\"width\":512,\"height\":512,\"caption\":\"Nuage-web\"},\"image\":{\"@id\":\"https:\\\/\\\/www.nuage-web.fr\\\/wp\\\/#\\\/schema\\\/logo\\\/image\\\/\"},\"sameAs\":[\"https:\\\/\\\/www.facebook.com\\\/nuage.web\",\"https:\\\/\\\/x.com\\\/DolibarrDemo\",\"http:\\\/\\\/www.linkedin.com\\\/in\\\/doliplus-dolibarr\",\"https:\\\/\\\/www.youtube.com\\\/playlist?list=PLOiCTh6-bcFh5EtM5LYANpPSadM9fkDfm\"]}]}<\/script>\n<!-- \/ Yoast SEO plugin. -->","yoast_head_json":{"title":"\"Auto\u00e9valuation de vos connaissances post formation - Prise en main du logiciel Dolibarr\" - Dolibarr DoliPlus","robots":{"index":"noindex","follow":"nofollow"},"og_locale":"fr_FR","og_type":"article","og_title":"\"Auto\u00e9valuation de vos connaissances post formation - Prise en main du logiciel Dolibarr\" - Dolibarr DoliPlus","og_description":"Prise en main du logiciel Dolibarr Module 1.00 Centre de formation Nuage-Web &#8211; Le Flor\u00e9al A 16 Bd M. Hochet 13127 Vitrolles &#8211; 04.13.05.43.66 Activit\u00e9 enregistr\u00e9e sous le num\u00e9ro : [&hellip;]","og_url":"https:\/\/www.nuage-web.fr\/wp\/autoevaluation-de-vos-connaissances-post-formation-prise-en-main-du-logiciel-dolibarr\/","og_site_name":"Dolibarr DoliPlus","article_publisher":"https:\/\/www.facebook.com\/nuage.web","article_modified_time":"2026-04-11T20:48:28+00:00","og_image":[{"url":"https:\/\/www.nuage-web.fr\/wp\/wp-content\/uploads\/logo_petit.png","type":"","width":"","height":""}],"twitter_card":"summary_large_image","twitter_site":"@DolibarrDemo","schema":{"@context":"https:\/\/schema.org","@graph":[{"@type":"WebPage","@id":"https:\/\/www.nuage-web.fr\/wp\/autoevaluation-de-vos-connaissances-post-formation-prise-en-main-du-logiciel-dolibarr\/","url":"https:\/\/www.nuage-web.fr\/wp\/autoevaluation-de-vos-connaissances-post-formation-prise-en-main-du-logiciel-dolibarr\/","name":"\"Auto\u00e9valuation de vos connaissances post formation - Prise en main du logiciel Dolibarr\" - Dolibarr DoliPlus","isPartOf":{"@id":"https:\/\/www.nuage-web.fr\/wp\/#website"},"primaryImageOfPage":{"@id":"https:\/\/www.nuage-web.fr\/wp\/autoevaluation-de-vos-connaissances-post-formation-prise-en-main-du-logiciel-dolibarr\/#primaryimage"},"image":{"@id":"https:\/\/www.nuage-web.fr\/wp\/autoevaluation-de-vos-connaissances-post-formation-prise-en-main-du-logiciel-dolibarr\/#primaryimage"},"thumbnailUrl":"https:\/\/www.nuage-web.fr\/wp\/wp-content\/uploads\/logo_petit.png","datePublished":"2017-09-09T07:58:54+00:00","dateModified":"2026-04-11T20:48:28+00:00","breadcrumb":{"@id":"https:\/\/www.nuage-web.fr\/wp\/autoevaluation-de-vos-connaissances-post-formation-prise-en-main-du-logiciel-dolibarr\/#breadcrumb"},"inLanguage":"fr-FR","potentialAction":[{"@type":"ReadAction","target":["https:\/\/www.nuage-web.fr\/wp\/autoevaluation-de-vos-connaissances-post-formation-prise-en-main-du-logiciel-dolibarr\/"]}]},{"@type":"ImageObject","inLanguage":"fr-FR","@id":"https:\/\/www.nuage-web.fr\/wp\/autoevaluation-de-vos-connaissances-post-formation-prise-en-main-du-logiciel-dolibarr\/#primaryimage","url":"https:\/\/www.nuage-web.fr\/wp\/wp-content\/uploads\/logo_petit.png","contentUrl":"https:\/\/www.nuage-web.fr\/wp\/wp-content\/uploads\/logo_petit.png"},{"@type":"BreadcrumbList","@id":"https:\/\/www.nuage-web.fr\/wp\/autoevaluation-de-vos-connaissances-post-formation-prise-en-main-du-logiciel-dolibarr\/#breadcrumb","itemListElement":[{"@type":"ListItem","position":1,"name":"Accueil","item":"https:\/\/www.nuage-web.fr\/wp\/"},{"@type":"ListItem","position":2,"name":"Auto\u00e9valuation de vos connaissances post formation &#8211; Prise en main du logiciel Dolibarr"}]},{"@type":"WebSite","@id":"https:\/\/www.nuage-web.fr\/wp\/#website","url":"https:\/\/www.nuage-web.fr\/wp\/","name":"Dolibarr DoliPlus","description":"Erp Crm pour PME TPE France","publisher":{"@id":"https:\/\/www.nuage-web.fr\/wp\/#organization"},"potentialAction":[{"@type":"SearchAction","target":{"@type":"EntryPoint","urlTemplate":"https:\/\/www.nuage-web.fr\/wp\/?s={search_term_string}"},"query-input":{"@type":"PropertyValueSpecification","valueRequired":true,"valueName":"search_term_string"}}],"inLanguage":"fr-FR"},{"@type":"Organization","@id":"https:\/\/www.nuage-web.fr\/wp\/#organization","name":"Nuage-web","url":"https:\/\/www.nuage-web.fr\/wp\/","logo":{"@type":"ImageObject","inLanguage":"fr-FR","@id":"https:\/\/www.nuage-web.fr\/wp\/#\/schema\/logo\/image\/","url":"https:\/\/www.nuage-web.fr\/wp\/wp-content\/uploads\/2015\/12\/cropped-logo_grand.png","contentUrl":"https:\/\/www.nuage-web.fr\/wp\/wp-content\/uploads\/2015\/12\/cropped-logo_grand.png","width":512,"height":512,"caption":"Nuage-web"},"image":{"@id":"https:\/\/www.nuage-web.fr\/wp\/#\/schema\/logo\/image\/"},"sameAs":["https:\/\/www.facebook.com\/nuage.web","https:\/\/x.com\/DolibarrDemo","http:\/\/www.linkedin.com\/in\/doliplus-dolibarr","https:\/\/www.youtube.com\/playlist?list=PLOiCTh6-bcFh5EtM5LYANpPSadM9fkDfm"]}]}},"_links":{"self":[{"href":"https:\/\/www.nuage-web.fr\/wp\/wp-json\/wp\/v2\/pages\/3993","targetHints":{"allow":["GET"]}}],"collection":[{"href":"https:\/\/www.nuage-web.fr\/wp\/wp-json\/wp\/v2\/pages"}],"about":[{"href":"https:\/\/www.nuage-web.fr\/wp\/wp-json\/wp\/v2\/types\/page"}],"author":[{"embeddable":true,"href":"https:\/\/www.nuage-web.fr\/wp\/wp-json\/wp\/v2\/users\/1"}],"replies":[{"embeddable":true,"href":"https:\/\/www.nuage-web.fr\/wp\/wp-json\/wp\/v2\/comments?post=3993"}],"version-history":[{"count":8,"href":"https:\/\/www.nuage-web.fr\/wp\/wp-json\/wp\/v2\/pages\/3993\/revisions"}],"predecessor-version":[{"id":4003,"href":"https:\/\/www.nuage-web.fr\/wp\/wp-json\/wp\/v2\/pages\/3993\/revisions\/4003"}],"wp:attachment":[{"href":"https:\/\/www.nuage-web.fr\/wp\/wp-json\/wp\/v2\/media?parent=3993"}],"curies":[{"name":"wp","href":"https:\/\/api.w.org\/{rel}","templated":true}]}}