{"id":9053,"date":"2023-10-24T09:06:55","date_gmt":"2023-10-24T08:06:55","guid":{"rendered":"https:\/\/www.nuage-web.fr\/wp\/securite-copy\/"},"modified":"2026-04-11T20:53:08","modified_gmt":"2026-04-11T20:53:08","slug":"logiciel-de-batiment-suivi-de-chantier-dolibarr-doliplus","status":"publish","type":"page","link":"https:\/\/www.nuage-web.fr\/wp\/logiciel-de-batiment-suivi-de-chantier-dolibarr-doliplus\/","title":{"rendered":"Logiciel de b\u00e2timent &#8211; Suivi de chantiers &#8211; Dolibarr &#038; DoliPlus"},"content":{"rendered":"<div style=\"margin: 0px; padding: 0px; color: #323232; line-height: 18px; background-color: #d3bee2; text-align: right;\"><span style=\"font-family: georgia,palatino,serif; font-size: 12pt; color: #000000;\"><a href=\"https:\/\/www.nuage-web.fr\/wp\/fonctionnalites-dolibarr-doliplus\/\" title=\"\" target=\"_self\" rel=\"\" class=\"\">Retour vers M\u00e9tiers et Fonctionnalit\u00e9s Dolibarr + DoliPlus<\/a><\/span><\/div>\n<p>&nbsp;<\/p>\n<h2>Logiciel de B\u00e2timent &#8211; Suivi de chantier Dolibarr &amp; DoliPlus<\/h2>\n<p>DoliPlus &#8211; B\u00e2timent et Suivi de chantiers, vous permet d&rsquo;\u00e9diter vos devis \u00e0 partir de biblioth\u00e8ques et vos factures \u00e0 l&rsquo;avancement pour le b\u00e2timent, et vous accompagne dans le contr\u00f4le du suivi de vos chantiers. Une gestion par projet permet de suivre la rentabilit\u00e9 globale du chantier.<\/p>\n<p><!-- --- Devis --- --><\/p>\n<div class=\"container_page_doli\">\n<div class=\"likediv1\">Devis<\/div>\n<div class=\"likediv2\">Utilisez des biblioth\u00e8ques d&rsquo;ouvrages et\/ou cr\u00e9ez les v\u00f4tres.<br \/>\nCalculez la rentabilit\u00e9 sur vos ouvrages, les locations, les heures de main d\u2019\u0153uvre\u2026 en ma\u00eetrisant vos d\u00e9bours\u00e9s, vos prix de revient et de vente.<br \/>\nPersonnalisez vos documents.<br \/>\nTransformez vos devis en factures.<br \/>\nEnvoyez vos devis et factures par mail ou par SMS.<br \/>\nFaites signer vos devis en toute simplicit\u00e9 gr\u00e2ce \u00e0 la signature \u00e9lectronique.<\/div>\n<\/div>\n<p><!-- ---Factures--- --><\/p>\n<div class=\"container_page_doli\">\n<div class=\"likediv1\">Factures<\/div>\n<div class=\"likediv2\">G\u00e9n\u00e9rez les factures d&rsquo;acomptes, de situation et avoirs.<br \/>\nAutomatisez l&rsquo;envoi et la relance de vos factures.<br \/>\nOptimisez vos encaissements et g\u00e9rez votre tr\u00e9sorerie.<br \/>\nCompatible avec les logiciels populaires du march\u00e9, exportez les donn\u00e9es comptables rapidement.<\/div>\n<\/div>\n<p><!-- Achats & Stocks --><\/p>\n<div class=\"container_page_doli\">\n<div class=\"likediv1\">Achats &amp; Stocks<\/div>\n<div class=\"likediv2\">Int\u00e9grez vos catalogues de produits en achats avec leurs tarifs.<br \/>\nG\u00e9rez les stocks en entrep\u00f4ts comme sur les chantiers.<\/div>\n<\/div>\n<p><!-- Projets et rentabilit\u00e9 --><\/p>\n<div class=\"container_page_doli\">\n<div class=\"likediv1\">Projets et rentabilit\u00e9<\/div>\n<div class=\"likediv2\">Suivez en temps r\u00e9el la marge et rentabilit\u00e9 de vos chantiers.<br \/>\nOptimisez la marge et le b\u00e9n\u00e9fice de vos chantiers \u00e0 travers une gestion par projets.<br \/>\nSuivez et ma\u00eetrisez vos d\u00e9penses.<br \/>\nSuivez les r\u00e8glements de vos fournisseurs.<\/div>\n<\/div>\n<p><!-- Suivi de chantiers --><\/p>\n<div class=\"container_page_doli\">\n<div class=\"likediv1\">Suivi de chantiers<\/div>\n<div class=\"likediv2\">Suivez et contr\u00f4lez facilement l&rsquo;avanc\u00e9e des chantiers.<br \/>\nPlanifiez vos t\u00e2ches gr\u00e2ce au planning.<br \/>\nAvec l\u2019application DoliPlusMobi disponible pour appareils Apple et Android, r\u00e9alisez un suivi de vos chantiers.<\/div>\n<\/div>\n<p><!-- Gestion des notes de frais --><\/p>\n<div class=\"container_page_doli\">\n<div class=\"likediv1\">Gestion des notes de frais<\/div>\n<div class=\"likediv2\">Une gestion de Notes de frais compl\u00e9t\u00e9e par l&rsquo;application mobile permet de cr\u00e9er\/modifier\/valider des notes de frais et de joindre des justificatifs.<br \/>\nLes notes valid\u00e9es par le manager sont ensuite traduites en factures puis export\u00e9es en comptabilit\u00e9.<br \/>\nListe de d\u00e9penses pr\u00e9d\u00e9finies \u00ab Restaurant \u00bb, \u00ab Avion \u00bb, \u00ab Taxi \u00bb,<br \/>\nCalcul des frais kilom\u00e9triques,<\/div>\n<\/div>\n<p><!-- GRH--><\/p>\n<div class=\"container_page_doli\">\n<div class=\"likediv1\">G.R.H<\/div>\n<div class=\"likediv2\">\nEnregistrez tous les contrats des collaborateurs dans une G.E.D,<br \/>\nGestion des demandes de cong\u00e9s, pr\u00e9sences, absences,<br \/>\nNote de frais,<br \/>\nRelev\u00e9s d&rsquo;heures,\n<\/div>\n<\/div>\n<p><!-- Documents --><\/p>\n<div class=\"container_page_doli\">\n<div class=\"likediv1\">Documents<\/div>\n<div class=\"likediv2\">Centralisez vos documents, photos, notes&#8230;<br \/>\nVisualisez vos documents sur l&rsquo;application mobile.<\/div>\n<\/div>\n<p>&nbsp;<\/p>\n<p><img loading=\"lazy\" decoding=\"async\" class=\"size-medium wp-image-9222 aligncenter\" src=\"https:\/\/www.nuage-web.fr\/wp\/wp-content\/uploads\/OUVRAGE_2-378x489.png\" alt=\"\" width=\"378\" height=\"489\" srcset=\"https:\/\/www.nuage-web.fr\/wp\/wp-content\/uploads\/OUVRAGE_2-378x489.png 378w, https:\/\/www.nuage-web.fr\/wp\/wp-content\/uploads\/OUVRAGE_2.png 549w\" sizes=\"auto, (max-width: 378px) 100vw, 378px\" \/><\/p>\n<p><!-- Documentation en ligne --><\/p>\n<div class=\"container-doc-gene\"><a class=\"doc-gene\" href=\"https:\/\/www.nuage-web.fr\/wp\/encyclopedia\/documentation-tutoriels-crm-erp-dolibarr\/\" target=\"_blank\" rel=\"noopener\">Acc\u00e9der \u00e0 la documentation Dolibarr Doliplus<\/a><\/div>\n","protected":false},"excerpt":{"rendered":"<p>&nbsp; Logiciel de B\u00e2timent &#8211; Suivi de chantier Dolibarr &amp; DoliPlus DoliPlus &#8211; B\u00e2timent et Suivi de chantiers, vous permet d&rsquo;\u00e9diter vos devis \u00e0 partir de biblioth\u00e8ques et vos factures [&hellip;]<\/p>\n","protected":false},"author":2,"featured_media":0,"parent":0,"menu_order":10,"comment_status":"closed","ping_status":"closed","template":"page-fullwidth.php","meta":{"footnotes":""},"class_list":["post-9053","page","type-page","status-publish","hentry"],"yoast_head":"<!-- This site is optimized with the Yoast SEO plugin v27.4 - https:\/\/yoast.com\/product\/yoast-seo-wordpress\/ -->\n<title>B\u00e2timent - Suivi de chantiers<\/title>\n<meta name=\"description\" content=\"DoliPlus - B\u00e2timent et Suivi de chantiers, vous permet d&#039;\u00e9diter vos devis \u00e0 partir de biblioth\u00e8ques et vos factures \u00e0 l&#039;avancement pour le b\u00e2timent, et vous accompagne dans le contr\u00f4le du suivi de vos chantiers.\" \/>\n<meta name=\"robots\" content=\"index, follow, max-snippet:-1, max-image-preview:large, max-video-preview:-1\" \/>\n<link rel=\"canonical\" href=\"https:\/\/www.nuage-web.fr\/wp\/logiciel-de-batiment-suivi-de-chantier-dolibarr-doliplus\/\" \/>\n<meta property=\"og:locale\" content=\"fr_FR\" \/>\n<meta property=\"og:type\" content=\"article\" \/>\n<meta property=\"og:title\" content=\"B\u00e2timent - Suivi de chantiers\" \/>\n<meta property=\"og:description\" content=\"DoliPlus - B\u00e2timent et Suivi de chantiers, vous permet d&#039;\u00e9diter vos devis \u00e0 partir de biblioth\u00e8ques et vos factures \u00e0 l&#039;avancement pour le b\u00e2timent, et vous accompagne dans le contr\u00f4le du suivi de vos chantiers.\" \/>\n<meta property=\"og:url\" content=\"https:\/\/www.nuage-web.fr\/wp\/logiciel-de-batiment-suivi-de-chantier-dolibarr-doliplus\/\" \/>\n<meta property=\"og:site_name\" content=\"Dolibarr DoliPlus\" \/>\n<meta property=\"article:publisher\" content=\"https:\/\/www.facebook.com\/nuage.web\" \/>\n<meta property=\"article:modified_time\" content=\"2026-04-11T20:53:08+00:00\" \/>\n<meta property=\"og:image\" content=\"https:\/\/www.nuage-web.fr\/wp\/wp-content\/uploads\/OUVRAGE_2-378x489.png\" \/>\n<meta name=\"twitter:card\" content=\"summary_large_image\" \/>\n<meta name=\"twitter:site\" content=\"@DolibarrDemo\" \/>\n<meta name=\"twitter:label1\" content=\"Dur\u00e9e de lecture estim\u00e9e\" \/>\n\t<meta name=\"twitter:data1\" content=\"2 minutes\" \/>\n<script type=\"application\/ld+json\" class=\"yoast-schema-graph\">{\"@context\":\"https:\\\/\\\/schema.org\",\"@graph\":[{\"@type\":\"WebPage\",\"@id\":\"https:\\\/\\\/www.nuage-web.fr\\\/wp\\\/logiciel-de-batiment-suivi-de-chantier-dolibarr-doliplus\\\/\",\"url\":\"https:\\\/\\\/www.nuage-web.fr\\\/wp\\\/logiciel-de-batiment-suivi-de-chantier-dolibarr-doliplus\\\/\",\"name\":\"B\u00e2timent - Suivi de chantiers\",\"isPartOf\":{\"@id\":\"https:\\\/\\\/www.nuage-web.fr\\\/wp\\\/#website\"},\"primaryImageOfPage\":{\"@id\":\"https:\\\/\\\/www.nuage-web.fr\\\/wp\\\/logiciel-de-batiment-suivi-de-chantier-dolibarr-doliplus\\\/#primaryimage\"},\"image\":{\"@id\":\"https:\\\/\\\/www.nuage-web.fr\\\/wp\\\/logiciel-de-batiment-suivi-de-chantier-dolibarr-doliplus\\\/#primaryimage\"},\"thumbnailUrl\":\"https:\\\/\\\/www.nuage-web.fr\\\/wp\\\/wp-content\\\/uploads\\\/OUVRAGE_2-378x489.png\",\"datePublished\":\"2023-10-24T08:06:55+00:00\",\"dateModified\":\"2026-04-11T20:53:08+00:00\",\"description\":\"DoliPlus - B\u00e2timent et Suivi de chantiers, vous permet d'\u00e9diter vos devis \u00e0 partir de biblioth\u00e8ques et vos factures \u00e0 l'avancement pour le b\u00e2timent, et vous accompagne dans le contr\u00f4le du suivi de vos chantiers.\",\"breadcrumb\":{\"@id\":\"https:\\\/\\\/www.nuage-web.fr\\\/wp\\\/logiciel-de-batiment-suivi-de-chantier-dolibarr-doliplus\\\/#breadcrumb\"},\"inLanguage\":\"fr-FR\",\"potentialAction\":[{\"@type\":\"ReadAction\",\"target\":[\"https:\\\/\\\/www.nuage-web.fr\\\/wp\\\/logiciel-de-batiment-suivi-de-chantier-dolibarr-doliplus\\\/\"]}]},{\"@type\":\"ImageObject\",\"inLanguage\":\"fr-FR\",\"@id\":\"https:\\\/\\\/www.nuage-web.fr\\\/wp\\\/logiciel-de-batiment-suivi-de-chantier-dolibarr-doliplus\\\/#primaryimage\",\"url\":\"https:\\\/\\\/www.nuage-web.fr\\\/wp\\\/wp-content\\\/uploads\\\/OUVRAGE_2.png\",\"contentUrl\":\"https:\\\/\\\/www.nuage-web.fr\\\/wp\\\/wp-content\\\/uploads\\\/OUVRAGE_2.png\",\"width\":549,\"height\":710},{\"@type\":\"BreadcrumbList\",\"@id\":\"https:\\\/\\\/www.nuage-web.fr\\\/wp\\\/logiciel-de-batiment-suivi-de-chantier-dolibarr-doliplus\\\/#breadcrumb\",\"itemListElement\":[{\"@type\":\"ListItem\",\"position\":1,\"name\":\"Accueil\",\"item\":\"https:\\\/\\\/www.nuage-web.fr\\\/wp\\\/\"},{\"@type\":\"ListItem\",\"position\":2,\"name\":\"Logiciel de B\u00e2timent &#8211; Suivi de chantiers &#8211; Dolibarr &#038; DoliPlus\"}]},{\"@type\":\"WebSite\",\"@id\":\"https:\\\/\\\/www.nuage-web.fr\\\/wp\\\/#website\",\"url\":\"https:\\\/\\\/www.nuage-web.fr\\\/wp\\\/\",\"name\":\"Dolibarr DoliPlus\",\"description\":\"Erp Crm pour PME TPE France\",\"publisher\":{\"@id\":\"https:\\\/\\\/www.nuage-web.fr\\\/wp\\\/#organization\"},\"potentialAction\":[{\"@type\":\"SearchAction\",\"target\":{\"@type\":\"EntryPoint\",\"urlTemplate\":\"https:\\\/\\\/www.nuage-web.fr\\\/wp\\\/?s={search_term_string}\"},\"query-input\":{\"@type\":\"PropertyValueSpecification\",\"valueRequired\":true,\"valueName\":\"search_term_string\"}}],\"inLanguage\":\"fr-FR\"},{\"@type\":\"Organization\",\"@id\":\"https:\\\/\\\/www.nuage-web.fr\\\/wp\\\/#organization\",\"name\":\"Nuage-web\",\"url\":\"https:\\\/\\\/www.nuage-web.fr\\\/wp\\\/\",\"logo\":{\"@type\":\"ImageObject\",\"inLanguage\":\"fr-FR\",\"@id\":\"https:\\\/\\\/www.nuage-web.fr\\\/wp\\\/#\\\/schema\\\/logo\\\/image\\\/\",\"url\":\"https:\\\/\\\/www.nuage-web.fr\\\/wp\\\/wp-content\\\/uploads\\\/2015\\\/12\\\/cropped-logo_grand.png\",\"contentUrl\":\"https:\\\/\\\/www.nuage-web.fr\\\/wp\\\/wp-content\\\/uploads\\\/2015\\\/12\\\/cropped-logo_grand.png\",\"width\":512,\"height\":512,\"caption\":\"Nuage-web\"},\"image\":{\"@id\":\"https:\\\/\\\/www.nuage-web.fr\\\/wp\\\/#\\\/schema\\\/logo\\\/image\\\/\"},\"sameAs\":[\"https:\\\/\\\/www.facebook.com\\\/nuage.web\",\"https:\\\/\\\/x.com\\\/DolibarrDemo\",\"http:\\\/\\\/www.linkedin.com\\\/in\\\/doliplus-dolibarr\",\"https:\\\/\\\/www.youtube.com\\\/playlist?list=PLOiCTh6-bcFh5EtM5LYANpPSadM9fkDfm\"]}]}<\/script>\n<!-- \/ Yoast SEO plugin. -->","yoast_head_json":{"title":"B\u00e2timent - Suivi de chantiers","description":"DoliPlus - B\u00e2timent et Suivi de chantiers, vous permet d'\u00e9diter vos devis \u00e0 partir de biblioth\u00e8ques et vos factures \u00e0 l'avancement pour le b\u00e2timent, et vous accompagne dans le contr\u00f4le du suivi de vos chantiers.","robots":{"index":"index","follow":"follow","max-snippet":"max-snippet:-1","max-image-preview":"max-image-preview:large","max-video-preview":"max-video-preview:-1"},"canonical":"https:\/\/www.nuage-web.fr\/wp\/logiciel-de-batiment-suivi-de-chantier-dolibarr-doliplus\/","og_locale":"fr_FR","og_type":"article","og_title":"B\u00e2timent - Suivi de chantiers","og_description":"DoliPlus - B\u00e2timent et Suivi de chantiers, vous permet d'\u00e9diter vos devis \u00e0 partir de biblioth\u00e8ques et vos factures \u00e0 l'avancement pour le b\u00e2timent, et vous accompagne dans le contr\u00f4le du suivi de vos chantiers.","og_url":"https:\/\/www.nuage-web.fr\/wp\/logiciel-de-batiment-suivi-de-chantier-dolibarr-doliplus\/","og_site_name":"Dolibarr DoliPlus","article_publisher":"https:\/\/www.facebook.com\/nuage.web","article_modified_time":"2026-04-11T20:53:08+00:00","og_image":[{"url":"https:\/\/www.nuage-web.fr\/wp\/wp-content\/uploads\/OUVRAGE_2-378x489.png","type":"","width":"","height":""}],"twitter_card":"summary_large_image","twitter_site":"@DolibarrDemo","twitter_misc":{"Dur\u00e9e de lecture estim\u00e9e":"2 minutes"},"schema":{"@context":"https:\/\/schema.org","@graph":[{"@type":"WebPage","@id":"https:\/\/www.nuage-web.fr\/wp\/logiciel-de-batiment-suivi-de-chantier-dolibarr-doliplus\/","url":"https:\/\/www.nuage-web.fr\/wp\/logiciel-de-batiment-suivi-de-chantier-dolibarr-doliplus\/","name":"B\u00e2timent - Suivi de chantiers","isPartOf":{"@id":"https:\/\/www.nuage-web.fr\/wp\/#website"},"primaryImageOfPage":{"@id":"https:\/\/www.nuage-web.fr\/wp\/logiciel-de-batiment-suivi-de-chantier-dolibarr-doliplus\/#primaryimage"},"image":{"@id":"https:\/\/www.nuage-web.fr\/wp\/logiciel-de-batiment-suivi-de-chantier-dolibarr-doliplus\/#primaryimage"},"thumbnailUrl":"https:\/\/www.nuage-web.fr\/wp\/wp-content\/uploads\/OUVRAGE_2-378x489.png","datePublished":"2023-10-24T08:06:55+00:00","dateModified":"2026-04-11T20:53:08+00:00","description":"DoliPlus - B\u00e2timent et Suivi de chantiers, vous permet d'\u00e9diter vos devis \u00e0 partir de biblioth\u00e8ques et vos factures \u00e0 l'avancement pour le b\u00e2timent, et vous accompagne dans le contr\u00f4le du suivi de vos chantiers.","breadcrumb":{"@id":"https:\/\/www.nuage-web.fr\/wp\/logiciel-de-batiment-suivi-de-chantier-dolibarr-doliplus\/#breadcrumb"},"inLanguage":"fr-FR","potentialAction":[{"@type":"ReadAction","target":["https:\/\/www.nuage-web.fr\/wp\/logiciel-de-batiment-suivi-de-chantier-dolibarr-doliplus\/"]}]},{"@type":"ImageObject","inLanguage":"fr-FR","@id":"https:\/\/www.nuage-web.fr\/wp\/logiciel-de-batiment-suivi-de-chantier-dolibarr-doliplus\/#primaryimage","url":"https:\/\/www.nuage-web.fr\/wp\/wp-content\/uploads\/OUVRAGE_2.png","contentUrl":"https:\/\/www.nuage-web.fr\/wp\/wp-content\/uploads\/OUVRAGE_2.png","width":549,"height":710},{"@type":"BreadcrumbList","@id":"https:\/\/www.nuage-web.fr\/wp\/logiciel-de-batiment-suivi-de-chantier-dolibarr-doliplus\/#breadcrumb","itemListElement":[{"@type":"ListItem","position":1,"name":"Accueil","item":"https:\/\/www.nuage-web.fr\/wp\/"},{"@type":"ListItem","position":2,"name":"Logiciel de B\u00e2timent &#8211; Suivi de chantiers &#8211; Dolibarr &#038; DoliPlus"}]},{"@type":"WebSite","@id":"https:\/\/www.nuage-web.fr\/wp\/#website","url":"https:\/\/www.nuage-web.fr\/wp\/","name":"Dolibarr DoliPlus","description":"Erp Crm pour PME TPE France","publisher":{"@id":"https:\/\/www.nuage-web.fr\/wp\/#organization"},"potentialAction":[{"@type":"SearchAction","target":{"@type":"EntryPoint","urlTemplate":"https:\/\/www.nuage-web.fr\/wp\/?s={search_term_string}"},"query-input":{"@type":"PropertyValueSpecification","valueRequired":true,"valueName":"search_term_string"}}],"inLanguage":"fr-FR"},{"@type":"Organization","@id":"https:\/\/www.nuage-web.fr\/wp\/#organization","name":"Nuage-web","url":"https:\/\/www.nuage-web.fr\/wp\/","logo":{"@type":"ImageObject","inLanguage":"fr-FR","@id":"https:\/\/www.nuage-web.fr\/wp\/#\/schema\/logo\/image\/","url":"https:\/\/www.nuage-web.fr\/wp\/wp-content\/uploads\/2015\/12\/cropped-logo_grand.png","contentUrl":"https:\/\/www.nuage-web.fr\/wp\/wp-content\/uploads\/2015\/12\/cropped-logo_grand.png","width":512,"height":512,"caption":"Nuage-web"},"image":{"@id":"https:\/\/www.nuage-web.fr\/wp\/#\/schema\/logo\/image\/"},"sameAs":["https:\/\/www.facebook.com\/nuage.web","https:\/\/x.com\/DolibarrDemo","http:\/\/www.linkedin.com\/in\/doliplus-dolibarr","https:\/\/www.youtube.com\/playlist?list=PLOiCTh6-bcFh5EtM5LYANpPSadM9fkDfm"]}]}},"_links":{"self":[{"href":"https:\/\/www.nuage-web.fr\/wp\/wp-json\/wp\/v2\/pages\/9053","targetHints":{"allow":["GET"]}}],"collection":[{"href":"https:\/\/www.nuage-web.fr\/wp\/wp-json\/wp\/v2\/pages"}],"about":[{"href":"https:\/\/www.nuage-web.fr\/wp\/wp-json\/wp\/v2\/types\/page"}],"author":[{"embeddable":true,"href":"https:\/\/www.nuage-web.fr\/wp\/wp-json\/wp\/v2\/users\/2"}],"replies":[{"embeddable":true,"href":"https:\/\/www.nuage-web.fr\/wp\/wp-json\/wp\/v2\/comments?post=9053"}],"version-history":[{"count":27,"href":"https:\/\/www.nuage-web.fr\/wp\/wp-json\/wp\/v2\/pages\/9053\/revisions"}],"predecessor-version":[{"id":9455,"href":"https:\/\/www.nuage-web.fr\/wp\/wp-json\/wp\/v2\/pages\/9053\/revisions\/9455"}],"wp:attachment":[{"href":"https:\/\/www.nuage-web.fr\/wp\/wp-json\/wp\/v2\/media?parent=9053"}],"curies":[{"name":"wp","href":"https:\/\/api.w.org\/{rel}","templated":true}]}}